{"id":17,"date":"2016-05-10T03:48:21","date_gmt":"2016-05-10T03:48:21","guid":{"rendered":"http:\/\/wp452m.a10-52-158-154.qa.plesk.ru\/wordpress\/?page_id=2"},"modified":"2017-02-23T21:44:09","modified_gmt":"2017-02-23T20:44:09","slug":"sample-page-2","status":"publish","type":"page","link":"https:\/\/tc-holzguenz.de\/?page_id=17","title":{"rendered":"TC Holzg\u00fcnz Info"},"content":{"rendered":"<h6>In diesem Bereich sind Inhalte zu finden die hier auch immer auffindbar bleiben. Dies ist der Statische Seitenbereich.<\/h6>\n<hr \/>\n<h6><strong>H<span style=\"font-family: 'Roboto','serif'; color: #555555;\">allo zusammen,<\/span><\/strong><\/h6>\n<p><span style=\"font-family: 'Roboto','serif'; color: #555555;\">unsere doch in die Jahre gekommene Internetseite bedarf dringend einer Neuauflage. Darum wird die n\u00e4chste Zeit, zumindest wenn daran gearbeitet wird dieses neue\u00a0Design zu sehen sein.<\/span><\/p>\n<p><span style=\"font-family: 'Roboto','serif'; color: #555555;\">Wir werden auch alte Bilder und Seiten in das neue System importieren soweit das noch sinnvoll ist. Mit diesem neuen Auftritt f\u00e4llt es dann auch leichter aktuelle Informationen an alle weiterzugeben. Bei Bedarf k\u00f6nnen auch mehrere Autoren gleichzeitig die Seite mit Blogeintr\u00e4gen f\u00fcllen.\u00a0<\/span><\/p>\n<p><span style=\"font-family: 'Roboto','serif'; color: #555555;\">Wir bitte um Geduld und hoffen demn\u00e4chst die neue Internetseite dauerhaft aktivieren zu k\u00f6nnen.\u00a0<\/span><\/p>\n<p><span style=\"font-family: 'Roboto','serif'; color: #555555;\">Danke der TC Holzg\u00fcnz<\/span><\/p>\n<p align=\"justify\">\n","protected":false},"excerpt":{"rendered":"<p>In diesem Bereich sind Inhalte zu finden die hier auch immer auffindbar bleiben. Dies ist der Statische Seitenbereich. Hallo zusammen, unsere doch in die Jahre gekommene Internetseite bedarf dringend einer Neuauflage. Darum wird die n\u00e4chste Zeit, zumindest wenn daran gearbeitet&#8230;<br \/><a class=\"read-more-button\" href=\"https:\/\/tc-holzguenz.de\/?page_id=17\">Mehr Lesen<\/a><\/p>\n","protected":false},"author":2,"featured_media":0,"parent":0,"menu_order":0,"comment_status":"closed","ping_status":"open","template":"","meta":{"footnotes":""},"class_list":["post-17","page","type-page","status-publish","hentry"],"_links":{"self":[{"href":"https:\/\/tc-holzguenz.de\/index.php?rest_route=\/wp\/v2\/pages\/17"}],"collection":[{"href":"https:\/\/tc-holzguenz.de\/index.php?rest_route=\/wp\/v2\/pages"}],"about":[{"href":"https:\/\/tc-holzguenz.de\/index.php?rest_route=\/wp\/v2\/types\/page"}],"author":[{"embeddable":true,"href":"https:\/\/tc-holzguenz.de\/index.php?rest_route=\/wp\/v2\/users\/2"}],"replies":[{"embeddable":true,"href":"https:\/\/tc-holzguenz.de\/index.php?rest_route=%2Fwp%2Fv2%2Fcomments&post=17"}],"version-history":[{"count":1,"href":"https:\/\/tc-holzguenz.de\/index.php?rest_route=\/wp\/v2\/pages\/17\/revisions"}],"predecessor-version":[{"id":336,"href":"https:\/\/tc-holzguenz.de\/index.php?rest_route=\/wp\/v2\/pages\/17\/revisions\/336"}],"wp:attachment":[{"href":"https:\/\/tc-holzguenz.de\/index.php?rest_route=%2Fwp%2Fv2%2Fmedia&parent=17"}],"curies":[{"name":"wp","href":"https:\/\/api.w.org\/{rel}","templated":true}]}}