{"id":23,"date":"2017-02-10T22:50:04","date_gmt":"2017-02-10T22:50:04","guid":{"rendered":"http:\/\/webneu.tc-holzguenz.de\/?page_id=23"},"modified":"2023-05-15T19:33:14","modified_gmt":"2023-05-15T17:33:14","slug":"atg","status":"publish","type":"page","link":"https:\/\/tc-holzguenz.de\/?page_id=23","title":{"rendered":"ATG Info"},"content":{"rendered":"<h4>Ab sofort hat die ATG eine eigene Homepage: <a href=\"http:\/\/Www.atg-mm.de\">www.atg-mm.de<\/a><\/h4>\n<h4><strong><u>Die ATG Memmingen stellt sich vor:<\/u><\/strong><\/h4>\n<p>Bereits mehr als 4 Jahrzehnte pflegen die ATG-Tennisvereine aus dem Altkreis Memmingen ihre sportlichen Kontakte. Gem\u00e4\u00df Ihrem durch die Satzung gesetzten Ziel, den Tennissport auf gemeinn\u00fctziger Grundlage zu f\u00f6rdern. Gr\u00fcnder der ATG ist Herr Hubert Suiter aus Lautrach. Derzeit geh\u00f6ren der Gemeinschaft 30 Vereine an. Die Organisation der Kreismeisterschaften im Sommer erfolgt durch einen j\u00e4hrlich neu zu bestimmenden Koordinator aus den Mitgliedsvereinen.<\/p>\n<p>Da es immer schwieriger wird Personen f\u00fcr dieses Amt zu finden, stellte sich Dietmar Stiegeler (TC Holzg\u00fcnz) 2005 zur Verf\u00fcgung und \u00fcbt diesen Posten seither aus.<\/p>\n<p><strong>Kontakt: \u00a0<\/strong><\/p>\n<p>Dietmar Stiegeler, Schwaigstr. 4a, 87752 Holzg\u00fcnz<\/p>\n<p>dietmar.stiegeler@tc-holzguenz.de, Tel: 0172\/8458738, Fax: 08393\/942086<\/p>\n<p>&nbsp;<\/p>\n","protected":false},"excerpt":{"rendered":"<p>Ab sofort hat die ATG eine eigene Homepage: www.atg-mm.de Die ATG Memmingen stellt sich vor: Bereits mehr als 4 Jahrzehnte pflegen die ATG-Tennisvereine aus dem Altkreis Memmingen ihre sportlichen Kontakte. Gem\u00e4\u00df Ihrem durch die Satzung gesetzten Ziel, den Tennissport auf&#8230;<br \/><a class=\"read-more-button\" href=\"https:\/\/tc-holzguenz.de\/?page_id=23\">Mehr Lesen<\/a><\/p>\n","protected":false},"author":6,"featured_media":0,"parent":0,"menu_order":0,"comment_status":"closed","ping_status":"closed","template":"","meta":{"footnotes":""},"class_list":["post-23","page","type-page","status-publish","hentry"],"_links":{"self":[{"href":"https:\/\/tc-holzguenz.de\/index.php?rest_route=\/wp\/v2\/pages\/23"}],"collection":[{"href":"https:\/\/tc-holzguenz.de\/index.php?rest_route=\/wp\/v2\/pages"}],"about":[{"href":"https:\/\/tc-holzguenz.de\/index.php?rest_route=\/wp\/v2\/types\/page"}],"author":[{"embeddable":true,"href":"https:\/\/tc-holzguenz.de\/index.php?rest_route=\/wp\/v2\/users\/6"}],"replies":[{"embeddable":true,"href":"https:\/\/tc-holzguenz.de\/index.php?rest_route=%2Fwp%2Fv2%2Fcomments&post=23"}],"version-history":[{"count":13,"href":"https:\/\/tc-holzguenz.de\/index.php?rest_route=\/wp\/v2\/pages\/23\/revisions"}],"predecessor-version":[{"id":953,"href":"https:\/\/tc-holzguenz.de\/index.php?rest_route=\/wp\/v2\/pages\/23\/revisions\/953"}],"wp:attachment":[{"href":"https:\/\/tc-holzguenz.de\/index.php?rest_route=%2Fwp%2Fv2%2Fmedia&parent=23"}],"curies":[{"name":"wp","href":"https:\/\/api.w.org\/{rel}","templated":true}]}}