{"id":44,"date":"2017-02-10T23:12:06","date_gmt":"2017-02-10T23:12:06","guid":{"rendered":"http:\/\/webneu.tc-holzguenz.de\/?page_id=44"},"modified":"2024-05-05T09:52:32","modified_gmt":"2024-05-05T07:52:32","slug":"vorstandschaft","status":"publish","type":"page","link":"https:\/\/tc-holzguenz.de\/?page_id=44","title":{"rendered":"Vorstandschaft"},"content":{"rendered":"<p>Unser Verein wird momentan von nachfolgenden Personen gef\u00fchrt. Gem\u00e4\u00df Satzung w\u00e4hlen wir alle 2 Jahre in der Mitgliederversammlung unsere Vorstandschaft.<\/p>\n<table style=\"width: 499px;\">\n<tbody>\n<tr>\n<td style=\"width: 183px;\">1. Vorstand:<\/td>\n<td style=\"width: 285px;\">Riedmiller Bruno<br \/>\nHauptstr. 59a<br \/>\nTel. 08393\/688<br \/>\n87752 Holzg\u00fcnz<br \/>\nbruno.riedmiller@tc-holzguenz.de<\/td>\n<\/tr>\n<tr>\n<td style=\"width: 183px;\">2. Vorstand:<\/td>\n<td style=\"width: 285px;\">Kramer Carolin<br \/>\nSch\u00fctzenstr. 1<br \/>\nTel.: 0176\/0026098<br \/>\n87752 Holzg\u00fcnz<br \/>\ncarolin.kramer@tc-holzguenz.de<\/td>\n<\/tr>\n<tr>\n<td style=\"width: 183px;\">3. Vorstand und Kassier<\/td>\n<td style=\"width: 285px;\">\n<p align=\"left\">Stiegeler Dietmar<br \/>\nSchwaigstr. 4a<br \/>\nTel.: 08393\/942085<br \/>\n87752 Holzg\u00fcnz<br \/>\ndietmar.stiegeler@tc-holzguenz.de<\/p>\n<\/td>\n<\/tr>\n<tr>\n<td style=\"width: 183px;\"><u>Sportwart:<\/u><\/td>\n<td style=\"width: 285px;\">\n<p align=\"left\">Stiegeler Hans-J\u00fcrgen<br \/>\nSchwaigstr. 7a<br \/>\nTel. 08393\/308<br \/>\n87752 Holzg\u00fcnz<br \/>\njstiegeler@tc-holzguenz.de<\/p>\n<\/td>\n<\/tr>\n<tr>\n<td style=\"width: 183px;\"><u>Jugendsportwart:<\/u><\/td>\n<td style=\"width: 285px;\">Hasel Jochen<br \/>\nHauptstr. 82<br \/>\nTel. 0176\/23973897<br \/>\n87746 Erkheim<br \/>\njochen.hasel@tc-holzguenz.de<\/td>\n<\/tr>\n<tr>\n<td style=\"width: 183px;\"><strong>\u00a0<\/strong><u>Schriftf\u00fchrer:<\/u><\/td>\n<td style=\"width: 285px;\">Wolfgang Lotterer<br \/>\nTel.<br \/>\n87752 Holzg\u00fcnz<br \/>\ninfo@tc-holzguenz.de<\/td>\n<\/tr>\n<\/tbody>\n<\/table>\n<p>&nbsp;<\/p>\n","protected":false},"excerpt":{"rendered":"<p>Unser Verein wird momentan von nachfolgenden Personen gef\u00fchrt. Gem\u00e4\u00df Satzung w\u00e4hlen wir alle 2 Jahre in der Mitgliederversammlung unsere Vorstandschaft. 1. Vorstand: Riedmiller Bruno Hauptstr. 59a Tel. 08393\/688 87752 Holzg\u00fcnz bruno.riedmiller@tc-holzguenz.de 2. Vorstand: Kramer Carolin Sch\u00fctzenstr. 1 Tel.: 0176\/0026098 87752&#8230;<br \/><a class=\"read-more-button\" href=\"https:\/\/tc-holzguenz.de\/?page_id=44\">Mehr Lesen<\/a><\/p>\n","protected":false},"author":2,"featured_media":0,"parent":0,"menu_order":0,"comment_status":"closed","ping_status":"closed","template":"","meta":{"footnotes":""},"class_list":["post-44","page","type-page","status-publish","hentry"],"_links":{"self":[{"href":"https:\/\/tc-holzguenz.de\/index.php?rest_route=\/wp\/v2\/pages\/44"}],"collection":[{"href":"https:\/\/tc-holzguenz.de\/index.php?rest_route=\/wp\/v2\/pages"}],"about":[{"href":"https:\/\/tc-holzguenz.de\/index.php?rest_route=\/wp\/v2\/types\/page"}],"author":[{"embeddable":true,"href":"https:\/\/tc-holzguenz.de\/index.php?rest_route=\/wp\/v2\/users\/2"}],"replies":[{"embeddable":true,"href":"https:\/\/tc-holzguenz.de\/index.php?rest_route=%2Fwp%2Fv2%2Fcomments&post=44"}],"version-history":[{"count":6,"href":"https:\/\/tc-holzguenz.de\/index.php?rest_route=\/wp\/v2\/pages\/44\/revisions"}],"predecessor-version":[{"id":994,"href":"https:\/\/tc-holzguenz.de\/index.php?rest_route=\/wp\/v2\/pages\/44\/revisions\/994"}],"wp:attachment":[{"href":"https:\/\/tc-holzguenz.de\/index.php?rest_route=%2Fwp%2Fv2%2Fmedia&parent=44"}],"curies":[{"name":"wp","href":"https:\/\/api.w.org\/{rel}","templated":true}]}}