{"id":463,"date":"2017-04-02T15:02:01","date_gmt":"2017-04-02T13:02:01","guid":{"rendered":"http:\/\/tc-holzguenz.de\/?page_id=463"},"modified":"2024-04-23T17:34:33","modified_gmt":"2024-04-23T15:34:33","slug":"termine","status":"publish","type":"page","link":"https:\/\/tc-holzguenz.de\/?page_id=463","title":{"rendered":"ATG Termine"},"content":{"rendered":"<h3>Die Fr\u00fchjahresversammlung findet am 20.03.2024 um 19.30 Uhr im Tennisheim Holzg\u00fcnz statt.<\/h3>\n<h3>Folgende Termine und Orte wurden f\u00fcr 2024 festgelegt:<\/h3>\n<table style=\"width: 86.3042%; height: 170px;\">\n<tbody>\n<tr style=\"height: 24px;\">\n<td style=\"width: 39.9656%; height: 24px;\"><strong>Turnier Art:<\/strong><\/td>\n<td style=\"width: 31.1134%; height: 24px;\"><strong>Austragungsort:<\/strong><\/td>\n<td style=\"width: 106.427%; height: 24px;\"><strong>Datum:<\/strong><\/td>\n<\/tr>\n<tr>\n<td style=\"width: 39.9656%;\">ATG Saisonstart Jugendliche<\/td>\n<td style=\"width: 31.1134%;\">TC Berkheim<\/td>\n<td style=\"width: 106.427%;\">13.04.2024 ab 13 Uhr<\/td>\n<\/tr>\n<tr style=\"height: 24px;\">\n<td style=\"width: 39.9656%; height: 24px;\"><\/td>\n<td style=\"width: 31.1134%; height: 24px;\"><\/td>\n<td style=\"width: 106.427%; height: 24px;\"><\/td>\n<\/tr>\n<tr style=\"height: 24px;\">\n<td style=\"width: 39.9656%; height: 24px;\">Herren \/ Damen Einzel<\/td>\n<td style=\"width: 31.1134%; height: 24px;\">TC Holzg\u00fcnz<\/td>\n<td style=\"width: 106.427%; height: 24px;\">26.07. &#8211; 28.07.2024<\/td>\n<\/tr>\n<tr style=\"height: 24px;\">\n<td style=\"width: 39.9656%; height: 24px;\">Jugend Einzel<\/td>\n<td style=\"width: 31.1134%; height: 24px;\">TV Bad Gr\u00f6nenbach<\/td>\n<td style=\"width: 106.427%; height: 24px;\">20.09. &#8211; 22.09.2024<\/td>\n<\/tr>\n<tr style=\"height: 24px;\">\n<td style=\"width: 39.9656%; height: 24px;\">Herren \/ Damen Doppel<\/td>\n<td style=\"width: 31.1134%; height: 24px;\">TV Memmingen<\/td>\n<td style=\"width: 106.427%; height: 24px;\">09.08. &#8211; 10.08.2024<\/td>\n<\/tr>\n<tr style=\"height: 24px;\">\n<td style=\"width: 39.9656%; height: 24px;\">Mixedturnier<\/td>\n<td style=\"width: 31.1134%; height: 24px;\">TC Westerheim<\/td>\n<td style=\"width: 106.427%; height: 24px;\">30.08. &#8211; 31.08.2024<\/td>\n<\/tr>\n<tr style=\"height: 24px;\">\n<td style=\"width: 39.9656%; height: 24px;\">Senioren \/ Seniorinnen Einzel<\/td>\n<td style=\"width: 31.1134%; height: 24px;\">TC Benningen<\/td>\n<td style=\"width: 106.427%; height: 24px;\">23.08. &#8211; 25.08.2024<\/td>\n<\/tr>\n<tr style=\"height: 26px;\">\n<td style=\"width: 39.9656%; height: 26px;\">Masters Turnier<\/td>\n<td style=\"width: 31.1134%; height: 26px;\">offen, wird aber wahrscheinlich nicht statt finden.<\/td>\n<td style=\"width: 106.427%; height: 26px;\"><\/td>\n<\/tr>\n<\/tbody>\n<\/table>\n<h3>Die Fr\u00fchjahresversammlung findet am 21.03.2023 um 19.30 Uhr im Tennisheim Holzg\u00fcnz statt.<\/h3>\n<h3>Folgende Termine und Orte wurden f\u00fcr 2023 festgelegt:<\/h3>\n<table style=\"width: 86.3042%; height: 170px;\">\n<tbody>\n<tr style=\"height: 24px;\">\n<td style=\"width: 39.9656%; height: 24px;\"><strong>Turnier Art:<\/strong><\/td>\n<td style=\"width: 31.1134%; height: 24px;\"><strong>Austragungsort:<\/strong><\/td>\n<td style=\"width: 106.427%; height: 24px;\"><strong>Datum:<\/strong><\/td>\n<\/tr>\n<tr>\n<td style=\"width: 39.9656%;\">ATG Saisonstart Jugendliche\/Erwachsene m\u00e4nnlich<\/td>\n<td style=\"width: 31.1134%;\">TC Memmingen<\/td>\n<td style=\"width: 106.427%;\">22.04.2023<\/td>\n<\/tr>\n<tr style=\"height: 24px;\">\n<td style=\"width: 39.9656%; height: 24px;\">Damen Hobbyturnier<\/td>\n<td style=\"width: 31.1134%; height: 24px;\">TV Memmingen<\/td>\n<td style=\"width: 106.427%; height: 24px;\">22.04.2023<\/td>\n<\/tr>\n<tr style=\"height: 24px;\">\n<td style=\"width: 39.9656%; height: 24px;\">Herren \/ Damen Einzel<\/td>\n<td style=\"width: 31.1134%; height: 24px;\">TC Holzg\u00fcnz<\/td>\n<td style=\"width: 106.427%; height: 24px;\">04.08. &#8211; 06.08.2023<\/td>\n<\/tr>\n<tr style=\"height: 24px;\">\n<td style=\"width: 39.9656%; height: 24px;\">Jugend Einzel<\/td>\n<td style=\"width: 31.1134%; height: 24px;\">TV Bad Gr\u00f6nenbach<\/td>\n<td style=\"width: 106.427%; height: 24px;\">15.09. &#8211; 17.09.2023<\/td>\n<\/tr>\n<tr style=\"height: 24px;\">\n<td style=\"width: 39.9656%; height: 24px;\">Herren \/ Damen Doppel<\/td>\n<td style=\"width: 31.1134%; height: 24px;\">TC Legau<\/td>\n<td style=\"width: 106.427%; height: 24px;\">28.07. &#8211; 29.07.2023<\/td>\n<\/tr>\n<tr style=\"height: 24px;\">\n<td style=\"width: 39.9656%; height: 24px;\">Mixedturnier<\/td>\n<td style=\"width: 31.1134%; height: 24px;\">SV Amendingen<\/td>\n<td style=\"width: 106.427%; height: 24px;\">08.09. &#8211; 09.09.2023<\/td>\n<\/tr>\n<tr style=\"height: 24px;\">\n<td style=\"width: 39.9656%; height: 24px;\">Senioren \/ Seniorinnen Einzel<\/td>\n<td style=\"width: 31.1134%; height: 24px;\">DJK Memmingen Ost<\/td>\n<td style=\"width: 106.427%; height: 24px;\">18.08. &#8211; 20.08.2023<\/td>\n<\/tr>\n<tr style=\"height: 26px;\">\n<td style=\"width: 39.9656%; height: 26px;\">Masters Turnier<\/td>\n<td style=\"width: 31.1134%; height: 26px;\">TC\/TV Memmingen<\/td>\n<td style=\"width: 106.427%; height: 26px;\">29.09. &#8211; 01.10.2023<\/td>\n<\/tr>\n<\/tbody>\n<\/table>\n<h3>Die Fr\u00fchjahresversammlung findet am 29.03.2022 um 19.30 Uhr im Tennisheim Holzg\u00fcnz statt.<\/h3>\n<h3>Folgende Termine und Orte wurden f\u00fcr 2022 festgelegt:<\/h3>\n<table style=\"width: 592px; height: 264px;\">\n<tbody>\n<tr style=\"height: 24px;\">\n<td style=\"width: 242.583px; height: 24px;\"><strong>Turnier Art:<\/strong><\/td>\n<td style=\"width: 156.8px; height: 24px;\"><strong>Austragungsort:<\/strong><\/td>\n<td style=\"width: 140.617px; height: 24px;\"><strong>Datum:<\/strong><\/td>\n<\/tr>\n<tr style=\"height: 24px;\">\n<td style=\"width: 242.583px; height: 24px;\">Herren \/ Damen Einzel<\/td>\n<td style=\"width: 156.8px; height: 24px;\">TC Holzg\u00fcnz<\/td>\n<td style=\"width: 140.617px; height: 24px;\">23.09. &#8211; 25.09.2022<\/td>\n<\/tr>\n<tr style=\"height: 24px;\">\n<td style=\"width: 242.583px; height: 24px;\">Jugend Einzel<\/td>\n<td style=\"width: 156.8px; height: 24px;\">TV Bad Gr\u00f6nenbach<\/td>\n<td style=\"width: 140.617px; height: 24px;\">16.09. &#8211; 18.09.2022<\/td>\n<\/tr>\n<tr style=\"height: 24px;\">\n<td style=\"width: 242.583px; height: 24px;\">Herren \/ Damen Doppel<\/td>\n<td style=\"width: 156.8px; height: 24px;\">TV Memmingen<\/td>\n<td style=\"width: 140.617px; height: 24px;\">05.08. &#8211; 07.08.2022<\/td>\n<\/tr>\n<tr style=\"height: 24px;\">\n<td style=\"width: 242.583px; height: 24px;\">Mixedturnier<\/td>\n<td style=\"width: 156.8px; height: 24px;\">SV Amendingen<\/td>\n<td style=\"width: 140.617px; height: 24px;\">02.09 &#8211; 04.09.2022<\/td>\n<\/tr>\n<tr style=\"height: 24px;\">\n<td style=\"width: 242.583px; height: 24px;\">Senioren \/ Seniorinnen Einzel<\/td>\n<td style=\"width: 156.8px; height: 24px;\">DJK Memmingen Ost<\/td>\n<td style=\"width: 140.617px; height: 24px;\">19.08 &#8211; 21.08.2022<\/td>\n<\/tr>\n<\/tbody>\n<\/table>\n<p>&nbsp;<\/p>\n<h3>Die ATG hat sich entschlossen im Jahr 2020 keine Aktivit\u00e4ten durch zu f\u00fchren!<\/h3>\n<p><span style=\"font-size: 14pt;\"><strong>F\u00fcr M\u00e4rz 2021 ist die n\u00e4chste Versammlung geplant.<\/strong><\/span><\/p>\n<h3>Turniere ATG 2020<\/h3>\n<table style=\"width: 592px; height: 264px;\">\n<tbody>\n<tr style=\"height: 24px;\">\n<td style=\"width: 242.583px; height: 24px;\"><strong>Turnier Art:<\/strong><\/td>\n<td style=\"width: 156.8px; height: 24px;\"><strong>Austragungsort:<\/strong><\/td>\n<td style=\"width: 140.617px; height: 24px;\"><strong>Datum:<\/strong><\/td>\n<\/tr>\n<tr style=\"height: 24px;\">\n<td style=\"width: 242.583px; height: 24px;\">Herren \/ Damen Einzel<\/td>\n<td style=\"width: 156.8px; height: 24px;\">TC Holzg\u00fcnz<\/td>\n<td style=\"width: 140.617px; height: 24px;\">entf\u00e4llt<\/td>\n<\/tr>\n<tr style=\"height: 24px;\">\n<td style=\"width: 242.583px; height: 24px;\">Jugend Einzel<\/td>\n<td style=\"width: 156.8px; height: 24px;\">Bad\u00a0Gr\u00f6nenbach<\/td>\n<td style=\"width: 140.617px; height: 24px;\">entf\u00e4llt<\/td>\n<\/tr>\n<tr style=\"height: 24px;\">\n<td style=\"width: 242.583px; height: 24px;\">Herren \/ Damen Doppel<\/td>\n<td style=\"width: 156.8px; height: 24px;\">TC Legau<\/td>\n<td style=\"width: 140.617px; height: 24px;\">entf\u00e4llt<\/td>\n<\/tr>\n<tr style=\"height: 24px;\">\n<td style=\"width: 242.583px; height: 24px;\">Mixedturnier<\/td>\n<td style=\"width: 156.8px; height: 24px;\">TC Westerheim<\/td>\n<td style=\"width: 140.617px; height: 24px;\">entf\u00e4llt<\/td>\n<\/tr>\n<tr style=\"height: 24px;\">\n<td style=\"width: 242.583px; height: 24px;\">Senioren \/ Seniorinnen Einzel<\/td>\n<td style=\"width: 156.8px; height: 24px;\">DJK Memmingen Ost<\/td>\n<td style=\"width: 140.617px; height: 24px;\">entf\u00e4llt<\/td>\n<\/tr>\n<\/tbody>\n<\/table>\n<h3>Turniere ATG 2019<\/h3>\n<table style=\"width: 592px; height: 264px;\">\n<tbody>\n<tr style=\"height: 24px;\">\n<td style=\"width: 242.583px; height: 24px;\"><strong>Turnier Art:<\/strong><\/td>\n<td style=\"width: 156.8px; height: 24px;\"><strong>Austragungsort:<\/strong><\/td>\n<td style=\"width: 140.617px; height: 24px;\"><strong>Datum:<\/strong><\/td>\n<\/tr>\n<tr style=\"height: 24px;\">\n<td style=\"width: 242.583px; height: 24px;\">Herren \/ Damen Einzel<\/td>\n<td style=\"width: 156.8px; height: 24px;\">TC Holzg\u00fcnz<\/td>\n<td style=\"width: 140.617px; height: 24px;\"><strong>20.09-22.09.2019<\/strong><\/td>\n<\/tr>\n<tr style=\"height: 24px;\">\n<td style=\"width: 242.583px; height: 24px;\">Jugend Einzel<\/td>\n<td style=\"width: 156.8px; height: 24px;\">Bad\u00a0Gr\u00f6nenbach<\/td>\n<td style=\"width: 140.617px; height: 24px;\"><strong>13.09-15.09.2019<\/strong><\/td>\n<\/tr>\n<tr style=\"height: 24px;\">\n<td style=\"width: 242.583px; height: 24px;\">Herren \/ Damen Doppel<\/td>\n<td style=\"width: 156.8px; height: 24px;\">TC Legau<\/td>\n<td style=\"width: 140.617px; height: 24px;\"><strong>02.08-03.08.2019<br \/>\n<\/strong><\/td>\n<\/tr>\n<tr style=\"height: 24px;\">\n<td style=\"width: 242.583px; height: 24px;\">Mixedturnier<\/td>\n<td style=\"width: 156.8px; height: 24px;\">TC Westerheim<\/td>\n<td style=\"width: 140.617px; height: 24px;\"><strong>30.08-31.08.2019<\/strong><\/td>\n<\/tr>\n<tr style=\"height: 24px;\">\n<td style=\"width: 242.583px; height: 24px;\">Senioren \/ Seniorinnen Einzel<\/td>\n<td style=\"width: 156.8px; height: 24px;\">DJK Memmingen Ost<\/td>\n<td style=\"width: 140.617px; height: 24px;\"><strong>16.08-18.08.2019<\/strong><\/td>\n<\/tr>\n<tr style=\"height: 24px;\">\n<td style=\"width: 242.583px; height: 24px;\"><\/td>\n<td style=\"width: 156.8px; height: 24px;\"><\/td>\n<td style=\"width: 140.617px; height: 24px;\"><\/td>\n<\/tr>\n<tr style=\"height: 24px;\">\n<td style=\"width: 242.583px; height: 24px;\">\u00a0<strong>Turnier Art:<\/strong><\/td>\n<td style=\"width: 156.8px; height: 24px;\"><strong>Austragungsort:<\/strong><\/td>\n<td style=\"width: 140.617px; height: 24px;\"><strong>Datum:<\/strong><\/td>\n<\/tr>\n<tr style=\"height: 24px;\">\n<td style=\"width: 242.583px; height: 24px;\">15. offenes LK Turnier D.\/H. Einzel<\/td>\n<td style=\"width: 156.8px; height: 24px;\">TV \/ TC MM Halle<\/td>\n<td style=\"width: 140.617px; height: 24px;\"><strong>02.11.2019<\/strong><\/td>\n<\/tr>\n<tr style=\"height: 24px;\">\n<td style=\"width: 242.583px; height: 24px;\">16. offenes LK Turnier D.\/H. Einzel<\/td>\n<td style=\"width: 156.8px; height: 24px;\">TV \/ TC MM Halle<\/td>\n<td style=\"width: 140.617px; height: 24px;\"><strong>04.01.2020<\/strong><\/td>\n<\/tr>\n<tr style=\"height: 24px;\">\n<td style=\"width: 242.583px; height: 24px;\"><\/td>\n<td style=\"width: 156.8px; height: 24px;\"><\/td>\n<td style=\"width: 140.617px; height: 24px;\"><\/td>\n<\/tr>\n<\/tbody>\n<\/table>\n<h3>Turniere ATG 2018<\/h3>\n<table>\n<tbody>\n<tr>\n<td style=\"text-align: center;\"><strong>Turnier Art:<\/strong><\/td>\n<td style=\"text-align: left;\"><strong>Austragungsort:<\/strong><\/td>\n<td style=\"text-align: left;\"><strong>Datum:<\/strong><\/td>\n<\/tr>\n<tr>\n<td>Herren \/ Damen Einzel<\/td>\n<td>TC Holzg\u00fcnz<\/td>\n<td><b>14.09 &#8211; 16.09.2018<\/b><\/td>\n<\/tr>\n<tr>\n<td>Jugend Einzel<\/td>\n<td>Bad\u00a0Gr\u00f6nenbach<\/td>\n<td><strong>20.07 \u2013 22.07.2018<\/strong><\/td>\n<\/tr>\n<tr>\n<td>Herren \/ Damen Doppel<\/td>\n<td>TG\u00a0Erkheim<\/td>\n<td><strong>27.07 \u2013 28.07.2018<\/strong><\/td>\n<\/tr>\n<tr>\n<td>Mixedturnier<\/td>\n<td>TC Westerheim<\/td>\n<td><strong>07.09 &#8211; 08.09.2018<\/strong><\/td>\n<\/tr>\n<tr>\n<td>Senioren \/ Seniorinnen Einzel<\/td>\n<td>DJK Memmingen Ost<\/td>\n<td><strong>24.08 \u2013 26.08.2018<\/strong><\/td>\n<\/tr>\n<tr>\n<td><\/td>\n<td><\/td>\n<td><\/td>\n<\/tr>\n<tr>\n<td style=\"text-align: center;\">\u00a0<strong>Turnier Art:<\/strong><\/td>\n<td style=\"text-align: left;\"><strong>Austragungsort:<\/strong><\/td>\n<td style=\"text-align: left;\"><strong>Datum:<\/strong><\/td>\n<\/tr>\n<tr>\n<td>12. offenes LK Turnier D.\/H. Einzel<\/td>\n<td>TV \/ TC MM Halle<\/td>\n<td><strong>03.11.2018<\/strong><\/td>\n<\/tr>\n<tr>\n<td>13. offenes LK Turnier D.\/H. Einzel<\/td>\n<td>TV \/ TC MM Halle<\/td>\n<td><strong>05.01.2019<\/strong><\/td>\n<\/tr>\n<tr>\n<td>14. offenes LK Turnier D.\/H. Einzel<\/td>\n<td>TV \/ TC MM Halle<\/td>\n<td><strong>09.03.2019<\/strong><\/td>\n<\/tr>\n<\/tbody>\n<\/table>\n","protected":false},"excerpt":{"rendered":"<p>Die Fr\u00fchjahresversammlung findet am 20.03.2024 um 19.30 Uhr im Tennisheim Holzg\u00fcnz statt. Folgende Termine und Orte wurden f\u00fcr 2024 festgelegt: Turnier Art: Austragungsort: Datum: ATG Saisonstart Jugendliche TC Berkheim 13.04.2024 ab 13 Uhr Herren \/ Damen Einzel TC Holzg\u00fcnz 26.07&#8230;.<br \/><a class=\"read-more-button\" href=\"https:\/\/tc-holzguenz.de\/?page_id=463\">Mehr Lesen<\/a><\/p>\n","protected":false},"author":6,"featured_media":0,"parent":0,"menu_order":0,"comment_status":"closed","ping_status":"closed","template":"","meta":{"footnotes":""},"class_list":["post-463","page","type-page","status-publish","hentry"],"_links":{"self":[{"href":"https:\/\/tc-holzguenz.de\/index.php?rest_route=\/wp\/v2\/pages\/463"}],"collection":[{"href":"https:\/\/tc-holzguenz.de\/index.php?rest_route=\/wp\/v2\/pages"}],"about":[{"href":"https:\/\/tc-holzguenz.de\/index.php?rest_route=\/wp\/v2\/types\/page"}],"author":[{"embeddable":true,"href":"https:\/\/tc-holzguenz.de\/index.php?rest_route=\/wp\/v2\/users\/6"}],"replies":[{"embeddable":true,"href":"https:\/\/tc-holzguenz.de\/index.php?rest_route=%2Fwp%2Fv2%2Fcomments&post=463"}],"version-history":[{"count":54,"href":"https:\/\/tc-holzguenz.de\/index.php?rest_route=\/wp\/v2\/pages\/463\/revisions"}],"predecessor-version":[{"id":992,"href":"https:\/\/tc-holzguenz.de\/index.php?rest_route=\/wp\/v2\/pages\/463\/revisions\/992"}],"wp:attachment":[{"href":"https:\/\/tc-holzguenz.de\/index.php?rest_route=%2Fwp%2Fv2%2Fmedia&parent=463"}],"curies":[{"name":"wp","href":"https:\/\/api.w.org\/{rel}","templated":true}]}}