{"id":591,"date":"2017-09-17T21:23:57","date_gmt":"2017-09-17T19:23:57","guid":{"rendered":"http:\/\/tc-holzguenz.de\/?page_id=591"},"modified":"2022-04-21T20:30:57","modified_gmt":"2022-04-21T18:30:57","slug":"trainer","status":"publish","type":"page","link":"https:\/\/tc-holzguenz.de\/?page_id=591","title":{"rendered":"Trainer"},"content":{"rendered":"<p>Vorstellung der neuen Trainerin:<\/p>\n<p><strong>Name<\/strong>: Lubica Fabriciova (f\u00fcr alle, die mich kennen, einfach nur <strong>Lubi<\/strong>)<\/p>\n<p><strong>Wohnort<\/strong>: Memmingen<\/p>\n<p><strong>Herkunft<\/strong>: Slowakei<\/p>\n<p><strong>Hobbys<\/strong>: alles, au\u00dfer Kampfsportarten. Ballett und Fallschirmspringen muss ich auch nicht unbedingt ausprobieren.<\/p>\n<p><strong>Tennis habe ich gelernt\u2026<\/strong><\/p>\n<p>\u2026 als ich 13 war. Der Verein wollte mich nicht auf-nehmen, weil ich schon zu alt war! Es gab aber einen wunderbaren und nervenstarken Trainer, der gesehen hat, was in mir steckt und machte das Beste draus.<\/p>\n<p><img loading=\"lazy\" decoding=\"async\" class=\"wp-image-901 alignleft\" style=\"font-size: 14px;\" src=\"https:\/\/tc-holzguenz.de\/wp-content\/uploads\/2022\/04\/Lubi-1024x472.jpg\" alt=\"\" width=\"443\" height=\"204\" srcset=\"https:\/\/tc-holzguenz.de\/wp-content\/uploads\/2022\/04\/Lubi-1024x472.jpg 1024w, https:\/\/tc-holzguenz.de\/wp-content\/uploads\/2022\/04\/Lubi-300x138.jpg 300w, https:\/\/tc-holzguenz.de\/wp-content\/uploads\/2022\/04\/Lubi-768x354.jpg 768w, https:\/\/tc-holzguenz.de\/wp-content\/uploads\/2022\/04\/Lubi-1536x708.jpg 1536w, https:\/\/tc-holzguenz.de\/wp-content\/uploads\/2022\/04\/Lubi-1170x539.jpg 1170w, https:\/\/tc-holzguenz.de\/wp-content\/uploads\/2022\/04\/Lubi.jpg 1600w\" sizes=\"(max-width: 443px) 100vw, 443px\" \/><strong>Auf dem Tennisplatz<\/strong><\/p>\n<p>\u2026wurde mir beigebracht, dass Disziplin, Durchhalteverm\u00f6gen und Demut die wichtigsten Eigenschaften nicht nur auf dem Sportplatz sind. Es hat mich nicht nur als Spielerin, sondern auch als Menschen geformt. Und genau das will ich als Trainerin an alle weitergeben.<\/p>\n<p><strong>H\u00f6chste Liga:<\/strong> Regionalliga Damen 40<\/p>\n<p><strong>Der Tennisplatz ist f\u00fcr mich:<\/strong> ein Ort, wo ich entspannen und viel Spa\u00df haben kann.<\/p>\n<p><strong>Ich gebe Training:<\/strong> seit ich 15 bin, weil es mir unheimlich Spa\u00df macht und mich als Menschen bereichert.<\/p>\n<p>&nbsp;<\/p>\n<p><strong>Mein Ziel als Trainerin:<\/strong>\u00a0 egal ob jung oder alt, Anf\u00e4nger oder Turnierspieler, jeder sollte in erster Linie Spa\u00df auf dem Tennisplatz haben. Jede Sportart, die man macht, formt und pr\u00e4gt gleichzeitig auch den Charakter. Auch das Verlieren muss gelernt werden. Denn aus den Niederlagen &#8211; ob im Leben oder im Sport &#8211; lernt man am meisten.<\/p>\n<p>&nbsp;<\/p>\n<p><strong>Mein sportliches Motto:<\/strong><\/p>\n<p><strong>Den wahren Champion er-kennt man nicht an seinen Siegen, sondern an seinen Niederlagen.<\/strong><\/p>\n<p>&nbsp;<\/p>\n<p>&nbsp;<\/p>\n","protected":false},"excerpt":{"rendered":"<p>Vorstellung der neuen Trainerin: Name: Lubica Fabriciova (f\u00fcr alle, die mich kennen, einfach nur Lubi) Wohnort: Memmingen Herkunft: Slowakei Hobbys: alles, au\u00dfer Kampfsportarten. Ballett und Fallschirmspringen muss ich auch nicht unbedingt ausprobieren. Tennis habe ich gelernt\u2026 \u2026 als ich 13&#8230;<br \/><a class=\"read-more-button\" href=\"https:\/\/tc-holzguenz.de\/?page_id=591\">Mehr Lesen<\/a><\/p>\n","protected":false},"author":6,"featured_media":0,"parent":0,"menu_order":0,"comment_status":"closed","ping_status":"closed","template":"","meta":{"footnotes":""},"class_list":["post-591","page","type-page","status-publish","hentry"],"_links":{"self":[{"href":"https:\/\/tc-holzguenz.de\/index.php?rest_route=\/wp\/v2\/pages\/591"}],"collection":[{"href":"https:\/\/tc-holzguenz.de\/index.php?rest_route=\/wp\/v2\/pages"}],"about":[{"href":"https:\/\/tc-holzguenz.de\/index.php?rest_route=\/wp\/v2\/types\/page"}],"author":[{"embeddable":true,"href":"https:\/\/tc-holzguenz.de\/index.php?rest_route=\/wp\/v2\/users\/6"}],"replies":[{"embeddable":true,"href":"https:\/\/tc-holzguenz.de\/index.php?rest_route=%2Fwp%2Fv2%2Fcomments&post=591"}],"version-history":[{"count":17,"href":"https:\/\/tc-holzguenz.de\/index.php?rest_route=\/wp\/v2\/pages\/591\/revisions"}],"predecessor-version":[{"id":902,"href":"https:\/\/tc-holzguenz.de\/index.php?rest_route=\/wp\/v2\/pages\/591\/revisions\/902"}],"wp:attachment":[{"href":"https:\/\/tc-holzguenz.de\/index.php?rest_route=%2Fwp%2Fv2%2Fmedia&parent=591"}],"curies":[{"name":"wp","href":"https:\/\/api.w.org\/{rel}","templated":true}]}}