{"id":70,"date":"2017-02-13T20:17:27","date_gmt":"2017-02-13T20:17:27","guid":{"rendered":"http:\/\/webneu.tc-holzguenz.de\/?page_id=70"},"modified":"2025-06-05T21:13:59","modified_gmt":"2025-06-05T19:13:59","slug":"mannschaften","status":"publish","type":"page","link":"https:\/\/tc-holzguenz.de\/?page_id=70","title":{"rendered":"Mannschaften"},"content":{"rendered":"<h2><span style=\"text-decoration: underline;\"><strong>Infos zu Mannschaften:<\/strong><\/span><\/h2>\n<h3>Der TC Holzg\u00fcnz startet 2025 mit 5 Mannschaften in die Saison. Durch die TeG Oberes G\u00fcnztal k\u00f6nnen im Jugendereich alle Altersklassen angeboten werden.<\/h3>\n<h3>Anbei die \u00dcbersicht der Mannschaften:<\/h3>\n<p>Link zur BTV Seite<\/p>\n<p><strong>Herren 1: Bezirksklasse 2 \/ Gruppe 005<br \/>\n<\/strong><\/p>\n<p><strong>Herren 40: Bezirksklasse 2 \/ Gruppe<br \/>\n<\/strong><\/p>\n<p><strong>Damen: Kreisklasse 1 \/ Gruppe<br \/>\n<\/strong><\/p>\n<h3>TeG Oberes G\u00fcnztal:<\/h3>\n<p><strong>Junioren 1: Bezirksliga \/ Gruppe 139<br \/>\n<\/strong><\/p>\n<p><strong>Junioren 2: Kreisklasse 1 \/ Gruppe 148<br \/>\n<\/strong><\/p>\n<p><strong>Junioren 3: Kreisklasse 1 \/ Gruppe 147<br \/>\n<\/strong><\/p>\n<p><strong>Juniorinnen: Bezirksklasse 2 \/ Gruppe 159<br \/>\n<\/strong><\/p>\n<p><strong>Knaben U14: Kreisklasse 1 \/ Gruppe 181<br \/>\n<\/strong><\/p>\n<p><strong>M\u00e4dchen U14: Bezirksklasse 1 \/ Gruppe 191<br \/>\n<\/strong><\/p>\n<p><strong>Bambini 12: Kreisklasse 1 \/ Gruppe 203<br \/>\n<\/strong><\/p>\n<p><strong>Midcourt: Kreisklasse 1 \/ Gruppe 216<br \/>\n<\/strong><\/p>\n<p>&nbsp;<\/p>\n<p><span style=\"font-size: 12pt;\"><strong>Auch im Winter nimmt der TC Holzg\u00fcnz mit zwei Mannschaften an der BTV Runde teil. Anbei die \u00dcbersicht inkl. den Spielpl\u00e4nen.<\/strong><\/span><\/p>\n<p><strong>Herren 1: Bezirksklasse 1<br \/>\n<\/strong><\/p>\n<p><a href=\"http:\/\/www.btv.de\/BTVToServe\/abaxx-?$part=theLeague.content.theLeaguePublic&amp;championship=SC Winter 17\/18&amp;tab=1&amp;l1=2&amp;l2=1&amp;l3=3&amp;l4=1&amp;theLeaguePage=groupPage&amp;group=004\" target=\"_blank\" rel=\"noopener noreferrer\">Spielplan + Tabelle<\/a><\/p>\n<p><strong>Herren 40: Bezirksklasse 2<\/strong><\/p>\n<p><a href=\"http:\/\/www.btv.de\/BTVToServe\/abaxx-?$part=theLeague.content.theLeaguePublic&amp;championship=SC Winter 17\/18&amp;tab=1&amp;l1=2&amp;l2=2&amp;l3=3&amp;l4=1&amp;theLeaguePage=groupPage&amp;group=026\" target=\"_blank\" rel=\"noopener noreferrer\">Spielplan + Tabelle<\/a><\/p>\n<p>&nbsp;<\/p>\n","protected":false},"excerpt":{"rendered":"<p>Infos zu Mannschaften: Der TC Holzg\u00fcnz startet 2025 mit 5 Mannschaften in die Saison. Durch die TeG Oberes G\u00fcnztal k\u00f6nnen im Jugendereich alle Altersklassen angeboten werden. Anbei die \u00dcbersicht der Mannschaften: Link zur BTV Seite Herren 1: Bezirksklasse 2 \/&#8230;<br \/><a class=\"read-more-button\" href=\"https:\/\/tc-holzguenz.de\/?page_id=70\">Mehr Lesen<\/a><\/p>\n","protected":false},"author":6,"featured_media":0,"parent":0,"menu_order":0,"comment_status":"closed","ping_status":"closed","template":"","meta":{"footnotes":""},"class_list":["post-70","page","type-page","status-publish","hentry"],"_links":{"self":[{"href":"https:\/\/tc-holzguenz.de\/index.php?rest_route=\/wp\/v2\/pages\/70"}],"collection":[{"href":"https:\/\/tc-holzguenz.de\/index.php?rest_route=\/wp\/v2\/pages"}],"about":[{"href":"https:\/\/tc-holzguenz.de\/index.php?rest_route=\/wp\/v2\/types\/page"}],"author":[{"embeddable":true,"href":"https:\/\/tc-holzguenz.de\/index.php?rest_route=\/wp\/v2\/users\/6"}],"replies":[{"embeddable":true,"href":"https:\/\/tc-holzguenz.de\/index.php?rest_route=%2Fwp%2Fv2%2Fcomments&post=70"}],"version-history":[{"count":13,"href":"https:\/\/tc-holzguenz.de\/index.php?rest_route=\/wp\/v2\/pages\/70\/revisions"}],"predecessor-version":[{"id":1085,"href":"https:\/\/tc-holzguenz.de\/index.php?rest_route=\/wp\/v2\/pages\/70\/revisions\/1085"}],"wp:attachment":[{"href":"https:\/\/tc-holzguenz.de\/index.php?rest_route=%2Fwp%2Fv2%2Fmedia&parent=70"}],"curies":[{"name":"wp","href":"https:\/\/api.w.org\/{rel}","templated":true}]}}