{"id":73,"date":"2017-02-13T20:18:43","date_gmt":"2017-02-13T20:18:43","guid":{"rendered":"http:\/\/webneu.tc-holzguenz.de\/?page_id=73"},"modified":"2021-10-24T18:25:07","modified_gmt":"2021-10-24T16:25:07","slug":"mitgliedsbeitraege","status":"publish","type":"page","link":"https:\/\/tc-holzguenz.de\/?page_id=73","title":{"rendered":"Mitgliedsbeitr\u00e4ge"},"content":{"rendered":"<p align=\"center\"><u><b><span style=\"font-family: Verdana; font-size: x-large;\">Mitgliedsbeitr\u00e4ge:<\/span><\/b><\/u><\/p>\n<p align=\"center\">In einer Mitgliederversammlung wurde vor einigen Jahren\u00a0<span style=\"font-family: Verdana;\">beschlossen, dass zuk\u00fcnftig neue Mitglieder keine Aufnahmegeb\u00fchr mehr bezahlen m\u00fcssen. Damit soll allen Interessierten m\u00f6glichst einfach ein Zugang zum Tennissport erm\u00f6glicht werden.\u00a0<\/span><\/p>\n<p><b><u><span style=\"font-size: large;\">Jahresbeitr\u00e4ge:<\/span><\/u><\/b><\/p>\n<table id=\"AutoNumber1\" style=\"width: 100%; height: 193px;\" border=\"1\" width=\"81%\" cellspacing=\"0\" cellpadding=\"0\">\n<tbody>\n<tr style=\"height: 30px;\">\n<td style=\"height: 30px; width: 53%;\" width=\"53%\" height=\"30\"><span style=\"font-family: Verdana;\">Erwachsene<\/span><\/td>\n<td style=\"height: 30px; width: 47%;\" width=\"47%\" height=\"30\"><span style=\"font-family: Verdana;\">\u00a075 \u20ac<\/span><\/td>\n<\/tr>\n<tr style=\"height: 29px;\">\n<td style=\"height: 29px; width: 53%;\" width=\"53%\" height=\"30\"><span style=\"font-family: Verdana;\">Familie (Ein Elternteil mit Kindern unter 18 Jahren)<\/span><\/td>\n<td style=\"height: 29px; width: 47%;\" width=\"47%\" height=\"30\"><span style=\"font-family: Verdana;\">\u00a075 \u20ac<\/span><\/td>\n<\/tr>\n<tr style=\"height: 29px;\">\n<td style=\"height: 29px; width: 53%;\" width=\"53%\" height=\"30\"><span style=\"font-family: Verdana;\">Erwachsene (Schnupperjahr)<\/span><\/td>\n<td style=\"height: 29px; width: 47%;\" width=\"47%\" height=\"30\"><span style=\"font-family: Verdana;\">\u00a035 \u20ac<\/span><\/td>\n<\/tr>\n<tr style=\"height: 15px;\">\n<td style=\"height: 15px; width: 53%;\" width=\"53%\" height=\"60\"><span style=\"font-family: Verdana;\">Jugendliche (14-18 Jahren), Wehrpflichtige,\u00a0 Auszubildende und Studenten (bis einschlie\u00dflich dem 25. Lebensjahr)<\/span><\/td>\n<td style=\"height: 15px; width: 47%;\" width=\"47%\" height=\"60\"><span style=\"font-family: Verdana;\">\u00a035 \u20ac<\/span><\/td>\n<\/tr>\n<tr style=\"height: 30px;\">\n<td style=\"height: 30px; width: 53%;\" width=\"53%\" height=\"30\"><span style=\"font-family: Verdana;\">Jugendliche (bis 14 Jahren im ersten Jahr)<\/span><\/td>\n<td style=\"height: 30px; width: 47%;\" width=\"47%\" height=\"30\"><span style=\"font-family: Verdana;\">\u00a0 0 \u20ac<\/span><\/td>\n<\/tr>\n<tr style=\"height: 30px;\">\n<td style=\"height: 30px; width: 53%;\" width=\"53%\" height=\"30\"><span style=\"font-family: Verdana;\">Jugendliche (bis 14 Jahren)<\/span><\/td>\n<td style=\"height: 30px; width: 47%;\" width=\"47%\" height=\"30\"><span style=\"font-family: Verdana;\">\u00a025 \u20ac<\/span><\/td>\n<\/tr>\n<tr style=\"height: 30px;\">\n<td style=\"height: 30px; width: 53%;\" width=\"53%\" height=\"30\"><span style=\"font-family: Verdana;\">Passive Mitglieder<\/span><\/td>\n<td style=\"height: 30px; width: 47%;\" width=\"47%\" height=\"30\"><span style=\"font-family: Verdana;\">\u00a015 \u20ac<\/span><\/td>\n<\/tr>\n<\/tbody>\n<\/table>\n<p>&nbsp;<\/p>\n<p><span style=\"font-family: Verdana;\">Wenn Sie dem TC Holzg\u00fcnz beitreten m\u00f6chten, dann f\u00fcllen Sie bitte die Beitrittserkl\u00e4rung aus oder schreiben uns ein E-Mail wir setzen uns umgehend mit Ihnen in Verbindung.<\/span><\/p>\n<p><strong>Download und Link zur <a href=\"https:\/\/tc-holzguenz.de\/?attachment_id=871\" target=\"_blank\" rel=\"noopener\">Beitrittserkl\u00e4rung<\/a><\/strong><\/p>\n","protected":false},"excerpt":{"rendered":"<p>Mitgliedsbeitr\u00e4ge: In einer Mitgliederversammlung wurde vor einigen Jahren\u00a0beschlossen, dass zuk\u00fcnftig neue Mitglieder keine Aufnahmegeb\u00fchr mehr bezahlen m\u00fcssen. Damit soll allen Interessierten m\u00f6glichst einfach ein Zugang zum Tennissport erm\u00f6glicht werden.\u00a0 Jahresbeitr\u00e4ge: Erwachsene \u00a075 \u20ac Familie (Ein Elternteil mit Kindern unter 18&#8230;<br \/><a class=\"read-more-button\" href=\"https:\/\/tc-holzguenz.de\/?page_id=73\">Mehr Lesen<\/a><\/p>\n","protected":false},"author":2,"featured_media":0,"parent":0,"menu_order":0,"comment_status":"closed","ping_status":"closed","template":"","meta":{"footnotes":""},"class_list":["post-73","page","type-page","status-publish","hentry"],"_links":{"self":[{"href":"https:\/\/tc-holzguenz.de\/index.php?rest_route=\/wp\/v2\/pages\/73"}],"collection":[{"href":"https:\/\/tc-holzguenz.de\/index.php?rest_route=\/wp\/v2\/pages"}],"about":[{"href":"https:\/\/tc-holzguenz.de\/index.php?rest_route=\/wp\/v2\/types\/page"}],"author":[{"embeddable":true,"href":"https:\/\/tc-holzguenz.de\/index.php?rest_route=\/wp\/v2\/users\/2"}],"replies":[{"embeddable":true,"href":"https:\/\/tc-holzguenz.de\/index.php?rest_route=%2Fwp%2Fv2%2Fcomments&post=73"}],"version-history":[{"count":14,"href":"https:\/\/tc-holzguenz.de\/index.php?rest_route=\/wp\/v2\/pages\/73\/revisions"}],"predecessor-version":[{"id":878,"href":"https:\/\/tc-holzguenz.de\/index.php?rest_route=\/wp\/v2\/pages\/73\/revisions\/878"}],"wp:attachment":[{"href":"https:\/\/tc-holzguenz.de\/index.php?rest_route=%2Fwp%2Fv2%2Fmedia&parent=73"}],"curies":[{"name":"wp","href":"https:\/\/api.w.org\/{rel}","templated":true}]}}